{"id":356,"date":"2021-05-06T12:05:28","date_gmt":"2021-05-06T10:05:28","guid":{"rendered":"https:\/\/lacdemolieres.com\/reserva-de-actividades-acuaticas\/"},"modified":"2023-06-08T16:13:21","modified_gmt":"2023-06-08T14:13:21","slug":"reserva-de-actividades-acuaticas","status":"publish","type":"page","link":"https:\/\/lacdemolieres.com\/es\/reserva-de-actividades-acuaticas\/","title":{"rendered":"Reserva de actividades acu\u00e1ticas"},"content":{"rendered":"\n<p><\/p><h2>R\u00e9servez en ligne vos entr\u00e9es et vos activit\u00e9s\u00a0<\/h2><br\/>Heading<br\/>center<br\/>no-repeat;left top;;<br\/>auto<br\/><br\/><h3>R\u00e9servez votre p\u00e9dalo, cano\u00eb ou paddle.<\/h3> <br\/><hr class=\"no_line\" style=\"margin: 0 auto 0px auto\"\/>\n <br\/><h4>Gagnez du temps en r\u00e9servant vos entr\u00e9es et activit\u00e9s aquatiques comme le p\u00e9dalo, le cano\u00eb et le paddle en ligne. De cette mani\u00e8re, vous avez l\u2019assurance que votre mat\u00e9riel est disponible pour le cr\u00e9neau r\u00e9serv\u00e9 m\u00eame en p\u00e9riode de forte affluence.<\/h4> <br\/><h4>C\u2019est \u00e9galement un gain de temps certain, car vous n\u2019avez pas \u00e0 faire la queue lors de votre arriv\u00e9e.<\/h4><br\/>Heading<br\/>center<br\/>no-repeat;left top;;<br\/>auto<br\/><br\/>Les Avantages<br\/><br\/>Paiement s\u00e9curis\u00e9 <br\/>Confirmation imm\u00e9diate  <br\/>Mat\u00e9riel r\u00e9serv\u00e9 <br\/>Entr\u00e9e rapide <br\/>Gain de temps <br\/><br\/>#449FCC<br\/><br\/><h3>Entr\u00e9e Base de Loisirs<\/h3><br\/>Heading<br\/>center<br\/>no-repeat;left top;;<br\/>auto<br\/><br\/><img decoding=\"async\" src=\"https:\/\/lacdemolieres.com\/wp-content\/uploads\/2023\/03\/1Molieres-Plage2.jpg\" alt=\"1Molieres Plage2\"\/><br\/><br\/><h4>Tarifs Entr\u00e9e<\/h4> <br\/>Laissez vous surprendre par notre plage de sable blanc labellis\u00e9e \\\u00bbPavillon Bleu\\\u00bb garantissant la qualit\u00e9 de l\\&#8217;eau, le respect des valeurs environnementales et la qualit\u00e9 des installations. <br\/>&#8211; Entr\u00e9e Enfant (de 6 \u00e0 10 ans) = 1.50\u20ac <br\/>-Entr\u00e9e Adultes &amp; Enfants (d\u00e8s 11 ans) = 3.50\u20ac <br\/>-Abonnement 14 entr\u00e9es = 32.00\u20ac <br\/>&#8211; Entr\u00e9e gratuite pour les enfants de moins de 6 ans <br\/><hr class=\"no_line\" style=\"margin: 0 auto 0px auto\"\/>\n <a class=\"button  button_size_2\" href=\"\"         title=\"\"><span class=\"button_label\">Button<\/span><\/a>\n<br\/>Heading<br\/>center<br\/>no-repeat;left top;;<br\/>auto<br\/><br\/><h3>R\u00e9servation P\u00e9dalo<\/h3><br\/>Heading<br\/>center<br\/>no-repeat;left top;;<br\/>auto<br\/><br\/><h4>R\u00e9servez votre P\u00e9dalo Toboggan<\/h4> <br\/>La location de p\u00e9dalo est ouverte tous les jours \u00e0 partir de 13h30.\u00a0 <br\/>Cette activit\u00e9 offre une fa\u00e7on amusante et rafra\u00eechissante de profiter des beaux jours sur l\\&#8217;eau. Que vous soyez en famille, entre amis ou en couple, louer un p\u00e9dalo dans notre base de loisirs est une excellente fa\u00e7on de passer un moment agr\u00e9able et divertissant\u00a0 tout en admirant le paysage et en profitant de l\\&#8217;air frais. <br\/>Le cr\u00e9neau de r\u00e9servation se fait pour une dur\u00e9e de 30 minutes au tarif de 3,50\u20ac\/personne <br\/><hr class=\"no_line\" style=\"margin: 0 auto 0px auto\"\/>\n <a class=\"button  button_size_2\" href=\"\"         title=\"\"><span class=\"button_label\">Button<\/span><\/a>\n<br\/>Heading<br\/>center<br\/>no-repeat;left top;;<br\/>auto<br\/><br\/><img decoding=\"async\" src=\"https:\/\/lacdemolieres.com\/wp-content\/uploads\/2023\/02\/pexels-atypeek-dgn-7486672.jpg\" alt=\"pexels-atypeek-dgn-7486672\"\/><br\/><br\/><h3>R\u00e9servation Cano\u00eb<\/h3><br\/>Heading<br\/>center<br\/>no-repeat;left top;;<br\/>auto<br\/><br\/><img decoding=\"async\" src=\"https:\/\/lacdemolieres.com\/wp-content\/uploads\/2023\/02\/pexels-olena-bohovyk-3646102.jpg\" alt=\"pexels-olena-bohovyk-3646102\"\/><br\/><br\/><h4>R\u00e9servez votre Cano\u00eb<\/h4> <br\/>Les activit\u00e9s comme le cano\u00eb sont ouvertes tous les jours \u00e0 partir de 13h30. <br\/>Que vous soyez d\u00e9butant ou exp\u00e9riment\u00e9, la location de cano\u00eb dans notre base de loisirs est une activit\u00e9 accessible \u00e0 tous, avec une grande vari\u00e9t\u00e9 de cano\u00ebs adapt\u00e9s \u00e0 tous les niveaux d\\&#8217;exp\u00e9rience. Alors, pr\u00e9parez vos pagaies et partez \u00e0 l\\&#8217;aventure ! <br\/>Le cr\u00e9neau de r\u00e9servation se fait pour une dur\u00e9e de 30 minutes au tarif de 3,50\u20ac\/personne. <br\/><hr class=\"no_line\" style=\"margin: 0 auto 0px auto\"\/>\n <a class=\"button  button_size_2\" href=\"\"         title=\"\"><span class=\"button_label\">Button<\/span><\/a>\n<br\/>Heading<br\/>center<br\/>no-repeat;left top;;<br\/>auto<br\/><br\/><h3>R\u00e9servation Paddle<\/h3><br\/>Heading<br\/>center<br\/>no-repeat;left top;;<br\/>auto<br\/><br\/><h4>R\u00e9servez votre Paddle<\/h4> <br\/>Les activit\u00e9s comme le paddle sont ouvertes tous les jours \u00e0 partir de 13h30. <br\/>La location de Stand-Up Paddle (SUP) dans notre base de loisirs est une activit\u00e9 nautique tr\u00e8s populaire qui combine sport, d\u00e9tente et plaisir. <br\/>Nous vous proposons \u00e9galement le Paddle G\u00e9ant \u00e0 la location pour 5 personnes minimum. <br\/>Le cr\u00e9neau de r\u00e9servation se fait pour une dur\u00e9e de 30 minutes au tarif de 3\u20ac\/personne. <br\/><hr class=\"no_line\" style=\"margin: 0 auto 0px auto\"\/>\n <a class=\"button  button_size_2\" href=\"\"         title=\"\"><span class=\"button_label\">Button<\/span><\/a>\n<br\/>Heading<br\/>center<br\/>no-repeat;left top;;<br\/>auto<br\/><br\/><img decoding=\"async\" src=\"https:\/\/lacdemolieres.com\/wp-content\/uploads\/2023\/02\/pexels-kindel-media-7426191-scaled.jpg\" alt=\"pexels-kindel-media-7426191\"\/><br\/><br\/>","protected":false},"excerpt":{"rendered":"<p>R\u00e9servez en ligne vos entr\u00e9es et vos activit\u00e9s\u00a0 Headingcenterno-repeat;left top;;auto R\u00e9servez votre p\u00e9dalo, cano\u00eb ou paddle. Gagnez du temps en r\u00e9servant vos entr\u00e9es et activit\u00e9s aquatiques<span class=\"excerpt-hellip\"> [\u2026]<\/span><\/p>\n","protected":false},"author":1,"featured_media":0,"parent":0,"menu_order":0,"comment_status":"open","ping_status":"closed","template":"","meta":{"footnotes":""},"class_list":["post-356","page","type-page","status-publish","hentry"],"yoast_head":"<!-- This site is optimized with the Yoast SEO plugin v27.3 - https:\/\/yoast.com\/product\/yoast-seo-wordpress\/ -->\n<title>Reserva de actividades acu\u00e1ticas - Lac de Moli\u00e8res<\/title>\n<meta name=\"description\" content=\"Reserva online tus entradas y actividades acu\u00e1ticas. El Lac de Moli\u00e8res ofrece alquiler de botes a pedales, alquiler de canoas, alquiler de SUP.\" \/>\n<meta name=\"robots\" content=\"index, follow, max-snippet:-1, max-image-preview:large, max-video-preview:-1\" \/>\n<link rel=\"canonical\" href=\"https:\/\/lacdemolieres.com\/activites-aquatiques\/\" \/>\n<meta property=\"og:locale\" content=\"es_ES\" \/>\n<meta property=\"og:type\" content=\"article\" \/>\n<meta property=\"og:title\" content=\"Reserva de actividades acu\u00e1ticas - Lac de Moli\u00e8res\" \/>\n<meta property=\"og:description\" content=\"Reserva online tus entradas y actividades acu\u00e1ticas. El Lac de Moli\u00e8res ofrece alquiler de botes a pedales, alquiler de canoas, alquiler de SUP.\" \/>\n<meta property=\"og:url\" content=\"https:\/\/lacdemolieres.com\/activites-aquatiques\/\" \/>\n<meta property=\"og:site_name\" content=\"Lac de Moli\u00e8res\" \/>\n<meta property=\"article:publisher\" content=\"https:\/\/www.facebook.com\/profile.php?id=100057250758026\" \/>\n<meta property=\"article:modified_time\" content=\"2023-06-08T14:13:21+00:00\" \/>\n<meta property=\"og:image\" content=\"https:\/\/lacdemolieres.com\/wp-content\/uploads\/2023\/03\/1Molieres-Plage2.jpg\" \/>\n<meta name=\"twitter:card\" content=\"summary_large_image\" \/>\n<script type=\"application\/ld+json\" class=\"yoast-schema-graph\">{\"@context\":\"https:\\\/\\\/schema.org\",\"@graph\":[{\"@type\":\"WebPage\",\"@id\":\"https:\\\/\\\/lacdemolieres.com\\\/activites-aquatiques\\\/\",\"url\":\"https:\\\/\\\/lacdemolieres.com\\\/activites-aquatiques\\\/\",\"name\":\"Reserva de actividades acu\u00e1ticas - Lac de Moli\u00e8res\",\"isPartOf\":{\"@id\":\"https:\\\/\\\/lacdemolieres.com\\\/#website\"},\"primaryImageOfPage\":{\"@id\":\"https:\\\/\\\/lacdemolieres.com\\\/activites-aquatiques\\\/#primaryimage\"},\"image\":{\"@id\":\"https:\\\/\\\/lacdemolieres.com\\\/activites-aquatiques\\\/#primaryimage\"},\"thumbnailUrl\":\"https:\\\/\\\/lacdemolieres.com\\\/wp-content\\\/uploads\\\/2023\\\/03\\\/1Molieres-Plage2.jpg\",\"datePublished\":\"2021-05-06T10:05:28+00:00\",\"dateModified\":\"2023-06-08T14:13:21+00:00\",\"description\":\"Reserva online tus entradas y actividades acu\u00e1ticas. El Lac de Moli\u00e8res ofrece alquiler de botes a pedales, alquiler de canoas, alquiler de SUP.\",\"breadcrumb\":{\"@id\":\"https:\\\/\\\/lacdemolieres.com\\\/activites-aquatiques\\\/#breadcrumb\"},\"inLanguage\":\"es\",\"potentialAction\":[{\"@type\":\"ReadAction\",\"target\":[\"https:\\\/\\\/lacdemolieres.com\\\/activites-aquatiques\\\/\"]}]},{\"@type\":\"ImageObject\",\"inLanguage\":\"es\",\"@id\":\"https:\\\/\\\/lacdemolieres.com\\\/activites-aquatiques\\\/#primaryimage\",\"url\":\"https:\\\/\\\/lacdemolieres.com\\\/wp-content\\\/uploads\\\/2023\\\/03\\\/1Molieres-Plage2.jpg\",\"contentUrl\":\"https:\\\/\\\/lacdemolieres.com\\\/wp-content\\\/uploads\\\/2023\\\/03\\\/1Molieres-Plage2.jpg\"},{\"@type\":\"BreadcrumbList\",\"@id\":\"https:\\\/\\\/lacdemolieres.com\\\/activites-aquatiques\\\/#breadcrumb\",\"itemListElement\":[{\"@type\":\"ListItem\",\"position\":1,\"name\":\"Accueil\",\"item\":\"https:\\\/\\\/lacdemolieres.com\\\/\"},{\"@type\":\"ListItem\",\"position\":2,\"name\":\"Reserva de actividades acu\u00e1ticas\"}]},{\"@type\":\"WebSite\",\"@id\":\"https:\\\/\\\/lacdemolieres.com\\\/#website\",\"url\":\"https:\\\/\\\/lacdemolieres.com\\\/\",\"name\":\"Lac de Moli\u00e8res\",\"description\":\"Base de Loisirs &amp; Camping\",\"publisher\":{\"@id\":\"https:\\\/\\\/lacdemolieres.com\\\/#organization\"},\"potentialAction\":[{\"@type\":\"SearchAction\",\"target\":{\"@type\":\"EntryPoint\",\"urlTemplate\":\"https:\\\/\\\/lacdemolieres.com\\\/?s={search_term_string}\"},\"query-input\":{\"@type\":\"PropertyValueSpecification\",\"valueRequired\":true,\"valueName\":\"search_term_string\"}}],\"inLanguage\":\"es\"},{\"@type\":\"Organization\",\"@id\":\"https:\\\/\\\/lacdemolieres.com\\\/#organization\",\"name\":\"Lac de Moli\u00e8res\",\"url\":\"https:\\\/\\\/lacdemolieres.com\\\/\",\"logo\":{\"@type\":\"ImageObject\",\"inLanguage\":\"es\",\"@id\":\"https:\\\/\\\/lacdemolieres.com\\\/#\\\/schema\\\/logo\\\/image\\\/\",\"url\":\"https:\\\/\\\/lacdemolieres.com\\\/wp-content\\\/uploads\\\/2023\\\/02\\\/logo-moileres.png\",\"contentUrl\":\"https:\\\/\\\/lacdemolieres.com\\\/wp-content\\\/uploads\\\/2023\\\/02\\\/logo-moileres.png\",\"width\":1000,\"height\":1000,\"caption\":\"Lac de Moli\u00e8res\"},\"image\":{\"@id\":\"https:\\\/\\\/lacdemolieres.com\\\/#\\\/schema\\\/logo\\\/image\\\/\"},\"sameAs\":[\"https:\\\/\\\/www.facebook.com\\\/profile.php?id=100057250758026\"]}]}<\/script>\n<!-- \/ Yoast SEO plugin. -->","yoast_head_json":{"title":"Reserva de actividades acu\u00e1ticas - Lac de Moli\u00e8res","description":"Reserva online tus entradas y actividades acu\u00e1ticas. El Lac de Moli\u00e8res ofrece alquiler de botes a pedales, alquiler de canoas, alquiler de SUP.","robots":{"index":"index","follow":"follow","max-snippet":"max-snippet:-1","max-image-preview":"max-image-preview:large","max-video-preview":"max-video-preview:-1"},"canonical":"https:\/\/lacdemolieres.com\/activites-aquatiques\/","og_locale":"es_ES","og_type":"article","og_title":"Reserva de actividades acu\u00e1ticas - Lac de Moli\u00e8res","og_description":"Reserva online tus entradas y actividades acu\u00e1ticas. El Lac de Moli\u00e8res ofrece alquiler de botes a pedales, alquiler de canoas, alquiler de SUP.","og_url":"https:\/\/lacdemolieres.com\/activites-aquatiques\/","og_site_name":"Lac de Moli\u00e8res","article_publisher":"https:\/\/www.facebook.com\/profile.php?id=100057250758026","article_modified_time":"2023-06-08T14:13:21+00:00","og_image":[{"url":"https:\/\/lacdemolieres.com\/wp-content\/uploads\/2023\/03\/1Molieres-Plage2.jpg","type":"","width":"","height":""}],"twitter_card":"summary_large_image","schema":{"@context":"https:\/\/schema.org","@graph":[{"@type":"WebPage","@id":"https:\/\/lacdemolieres.com\/activites-aquatiques\/","url":"https:\/\/lacdemolieres.com\/activites-aquatiques\/","name":"Reserva de actividades acu\u00e1ticas - Lac de Moli\u00e8res","isPartOf":{"@id":"https:\/\/lacdemolieres.com\/#website"},"primaryImageOfPage":{"@id":"https:\/\/lacdemolieres.com\/activites-aquatiques\/#primaryimage"},"image":{"@id":"https:\/\/lacdemolieres.com\/activites-aquatiques\/#primaryimage"},"thumbnailUrl":"https:\/\/lacdemolieres.com\/wp-content\/uploads\/2023\/03\/1Molieres-Plage2.jpg","datePublished":"2021-05-06T10:05:28+00:00","dateModified":"2023-06-08T14:13:21+00:00","description":"Reserva online tus entradas y actividades acu\u00e1ticas. El Lac de Moli\u00e8res ofrece alquiler de botes a pedales, alquiler de canoas, alquiler de SUP.","breadcrumb":{"@id":"https:\/\/lacdemolieres.com\/activites-aquatiques\/#breadcrumb"},"inLanguage":"es","potentialAction":[{"@type":"ReadAction","target":["https:\/\/lacdemolieres.com\/activites-aquatiques\/"]}]},{"@type":"ImageObject","inLanguage":"es","@id":"https:\/\/lacdemolieres.com\/activites-aquatiques\/#primaryimage","url":"https:\/\/lacdemolieres.com\/wp-content\/uploads\/2023\/03\/1Molieres-Plage2.jpg","contentUrl":"https:\/\/lacdemolieres.com\/wp-content\/uploads\/2023\/03\/1Molieres-Plage2.jpg"},{"@type":"BreadcrumbList","@id":"https:\/\/lacdemolieres.com\/activites-aquatiques\/#breadcrumb","itemListElement":[{"@type":"ListItem","position":1,"name":"Accueil","item":"https:\/\/lacdemolieres.com\/"},{"@type":"ListItem","position":2,"name":"Reserva de actividades acu\u00e1ticas"}]},{"@type":"WebSite","@id":"https:\/\/lacdemolieres.com\/#website","url":"https:\/\/lacdemolieres.com\/","name":"Lac de Moli\u00e8res","description":"Base de Loisirs &amp; Camping","publisher":{"@id":"https:\/\/lacdemolieres.com\/#organization"},"potentialAction":[{"@type":"SearchAction","target":{"@type":"EntryPoint","urlTemplate":"https:\/\/lacdemolieres.com\/?s={search_term_string}"},"query-input":{"@type":"PropertyValueSpecification","valueRequired":true,"valueName":"search_term_string"}}],"inLanguage":"es"},{"@type":"Organization","@id":"https:\/\/lacdemolieres.com\/#organization","name":"Lac de Moli\u00e8res","url":"https:\/\/lacdemolieres.com\/","logo":{"@type":"ImageObject","inLanguage":"es","@id":"https:\/\/lacdemolieres.com\/#\/schema\/logo\/image\/","url":"https:\/\/lacdemolieres.com\/wp-content\/uploads\/2023\/02\/logo-moileres.png","contentUrl":"https:\/\/lacdemolieres.com\/wp-content\/uploads\/2023\/02\/logo-moileres.png","width":1000,"height":1000,"caption":"Lac de Moli\u00e8res"},"image":{"@id":"https:\/\/lacdemolieres.com\/#\/schema\/logo\/image\/"},"sameAs":["https:\/\/www.facebook.com\/profile.php?id=100057250758026"]}]}},"_links":{"self":[{"href":"https:\/\/lacdemolieres.com\/es\/wp-json\/wp\/v2\/pages\/356","targetHints":{"allow":["GET"]}}],"collection":[{"href":"https:\/\/lacdemolieres.com\/es\/wp-json\/wp\/v2\/pages"}],"about":[{"href":"https:\/\/lacdemolieres.com\/es\/wp-json\/wp\/v2\/types\/page"}],"author":[{"embeddable":true,"href":"https:\/\/lacdemolieres.com\/es\/wp-json\/wp\/v2\/users\/1"}],"replies":[{"embeddable":true,"href":"https:\/\/lacdemolieres.com\/es\/wp-json\/wp\/v2\/comments?post=356"}],"version-history":[{"count":7,"href":"https:\/\/lacdemolieres.com\/es\/wp-json\/wp\/v2\/pages\/356\/revisions"}],"predecessor-version":[{"id":569,"href":"https:\/\/lacdemolieres.com\/es\/wp-json\/wp\/v2\/pages\/356\/revisions\/569"}],"wp:attachment":[{"href":"https:\/\/lacdemolieres.com\/es\/wp-json\/wp\/v2\/media?parent=356"}],"curies":[{"name":"wp","href":"https:\/\/api.w.org\/{rel}","templated":true}]}}