{"id":365,"date":"2021-05-06T11:46:54","date_gmt":"2021-05-06T09:46:54","guid":{"rendered":"https:\/\/lacdemolieres.com\/camping-du-malivert\/"},"modified":"2025-02-06T15:26:51","modified_gmt":"2025-02-06T14:26:51","slug":"camping-du-malivert","status":"publish","type":"page","link":"https:\/\/lacdemolieres.com\/en\/camping-du-malivert\/","title":{"rendered":"Camping du Malivert"},"content":{"rendered":"\n<p><p> \n<br>In the immediate vicinity of the leisure centre, the 3-star Malivert campsite has 20 pitches (mostly shaded) and 6 mobile homes. Benefiting from the &#8220;Pr\u00e9 Vert&#8221; label, awarded by the &#8220;G\u00eetes de France&#8221;, it offers quality equipment and a restful, idyllic environment.\n<br>An ideal place to spend your holidays in France\n<br>Open all year except annual holidays from 01\/10 to 31\/10.<br>Heading + desc<br>center<br>no-repeat;left top;;<br>auto<br><br>Our Mobile Homes<br>h2<br>center center<br>center<br>#37a260<br>hide<br><br>Located on a campsite boasting 26 pitches (including 20 bare and shaded pitches), 3 mobile homes (4\/6 people), and 3 further mobile homes (6\/8 people), which are independent, on one level and include their own private terrace.<br>h4<br>center center<br>center<br>hide<br><br><div class=\"image_frame image_item scale-with-grid element_classes align\\ stretch has_border greyscale hover-disable mfn-img-box\" style=\"margin-top:0px;margin-bottom:0px;\" role=\"link\" aria-label=\"Image with links\" tabindex=\"0\"><div class=\"image_wrapper\"><a href=\"\"  target=\"_blank\"  class=\"\"  tabindex=\"-1\" title=\"\"><div class=\"mask\"><\/div><img decoding=\"async\" class=\"scale-with-grid\" src=\"http:\/\/%5C\" alt=\"\\\" title=\"\" width=\"\\\" height=\"\\\" style=\"\"\/><\/a><div class=\"image_links\"><a href=\"\" class=\"zoom\" rel=\"prettyphoto\" tabindex=\"-1\" aria-label=\"zoom image\" title=\"\"><svg viewBox=\"0 0 26 26\"><defs><style>.path{fill:none;stroke:#333;stroke-miterlimit:10;stroke-width:1.5px;}<\/style><\/defs><circle cx=\"11.35\" cy=\"11.35\" r=\"6\" class=\"path\"\/><line x1=\"15.59\" y1=\"15.59\" x2=\"20.65\" y2=\"20.65\" class=\"path\"\/><\/svg><\/a><a href=\"\" class=\"link \"  target=\"_blank\"  tabindex=\"-1\" title=\"\"><svg viewBox=\"0 0 26 26\"><defs><style>.path{fill:none;stroke:#333;stroke-miterlimit:10;stroke-width:1.5px;}<\/style><\/defs><g><path d=\"M10.17,8.76l2.12-2.12a5,5,0,0,1,7.07,0h0a5,5,0,0,1,0,7.07l-2.12,2.12\" class=\"path\"><\/path><path d=\"M15.83,17.24l-2.12,2.12a5,5,0,0,1-7.07,0h0a5,5,0,0,1,0-7.07l2.12-2.12\" class=\"path\"><\/path><line x1=\"10.17\" y1=\"15.83\" x2=\"15.83\" y2=\"10.17\" class=\"path\"><\/line><\/g><\/svg><\/a><\/div><\/div><p class=\"wp-caption-text\">\\<\/p><\/div>\n\n<br><hr class=\"no_line\" style=\"margin: 0 auto 0px auto\"\/>\n\n<br><\/p><h4>Rouge-Gorge<\/h4>\r<br>Mobil Home pour 8 personnes d\\&#8217;une surface de 36m2 avec 3 chambres.\r<br>\u00c0 partir de 42,86\u20ac\/nuit<br><a href=\"https:\/\/www.gites-de-france.com\/fr\/occitanie\/tarn-et-garonne\/rouge-gorge-h82g008218\">https:\/\/www.gites-de-france.com\/fr\/occitanie\/tarn-et-garonne\/rouge-gorge-h82g008218<\/a><br>center<br>solid<br>2px 2px 2px 2px<br>#e6e8ee<br>#37a260<br>hide<br><br><div class=\"image_frame image_item no_link scale-with-grid element_classes alignnone no_border mfn-img-box\" ><div class=\"image_wrapper\"><img decoding=\"async\" class=\"scale-with-grid\" src=\"\" alt=\"\" title=\"\" width=\"\" height=\"\" style=\"\"\/><\/div><\/div>\n\r<br><hr class=\"no_line\" style=\"margin: 0 auto 0px auto\"\/>\n\r<br><h4>Hirondelle<\/h4>\r<br>Mobil Home pour 8 personnes d\\&#8217;une surface de 32m2 avec 3 chambres.\r<br>\u00c0 partir de 42,86\u20ac\/nuit<br><a href=\"https:\/\/www.gites-de-france.com\/fr\/occitanie\/tarn-et-garonne\/hirondelle-h82g008219\">https:\/\/www.gites-de-france.com\/fr\/occitanie\/tarn-et-garonne\/hirondelle-h82g008219<\/a><br>center<br>solid<br>2px 2px 2px 2px<br>#e6e8ee<br>#37a260<br>hide<br><br><div class=\"image_frame image_item no_link scale-with-grid element_classes alignnone no_border mfn-img-box\" ><div class=\"image_wrapper\"><img decoding=\"async\" class=\"scale-with-grid\" src=\"\" alt=\"\" title=\"\" width=\"\" height=\"\" style=\"\"\/><\/div><\/div>\n\r<br><hr class=\"no_line\" style=\"margin: 0 auto 0px auto\"\/>\n\r<br><h4>Rossignol<\/h4>\r<br>Mobil Home pour 8 personnes d\\&#8217;une surface de 36m2 avec 3 chambres.\r<br>\u00c0 partir de 42,86\u20ac\/nuit<br><a href=\"https:\/\/www.gites-de-france.com\/fr\/occitanie\/tarn-et-garonne\/rossignol-h82g008217\">https:\/\/www.gites-de-france.com\/fr\/occitanie\/tarn-et-garonne\/rossignol-h82g008217<\/a><br>center<br>solid<br>2px 2px 2px 2px<br>#e6e8ee<br>#37a260<br>hide<br><br>hide<br><br><div class=\"image_frame image_item no_link scale-with-grid element_classes alignnone no_border mfn-img-box\" ><div class=\"image_wrapper\"><img decoding=\"async\" class=\"scale-with-grid\" src=\"\" alt=\"\" title=\"\" width=\"\" height=\"\" style=\"\"\/><\/div><\/div>\n\r<br><hr class=\"no_line\" style=\"margin: 0 auto 0px auto\"\/>\n\r<br><h4>M\u00e9sange<\/h4>\r<br>Mobil Home pour 6 personnes d\\&#8217;une surface de 32m2 avec 2 chambres.\r<br>\u00c0 partir de 41,90\u20ac\/nuit<br><a href=\"https:\/\/www.gites-de-france.com\/fr\/occitanie\/tarn-et-garonne\/mesange-h82g008216\">https:\/\/www.gites-de-france.com\/fr\/occitanie\/tarn-et-garonne\/mesange-h82g008216<\/a><br>center<br>solid<br>2px 2px 2px 2px<br>#e6e8ee<br>#37a260<br>hide<br><br><div class=\"image_frame image_item no_link scale-with-grid element_classes alignnone no_border mfn-img-box\" ><div class=\"image_wrapper\"><img decoding=\"async\" class=\"scale-with-grid\" src=\"\" alt=\"\" title=\"\" width=\"\" height=\"\" style=\"\"\/><\/div><\/div>\n\r<br><hr class=\"no_line\" style=\"margin: 0 auto 0px auto\"\/>\n\r<br><h4>Fauvette<\/h4>\r<br>Mobil Home pour 6 personnes d\\&#8217;une surface de 32m2 avec 2 chambres.\r<br>\u00c0 partir de 41,90\u20ac\/nuit<br><a href=\"https:\/\/www.gites-de-france.com\/fr\/occitanie\/tarn-et-garonne\/fauvette-h82g008215\">https:\/\/www.gites-de-france.com\/fr\/occitanie\/tarn-et-garonne\/fauvette-h82g008215<\/a><br>center<br>solid<br>2px 2px 2px 2px<br>#e6e8ee<br>#37a260<br>hide<br><br><div class=\"image_frame image_item no_link scale-with-grid element_classes alignnone no_border mfn-img-box\" ><div class=\"image_wrapper\"><img decoding=\"async\" class=\"scale-with-grid\" src=\"\" alt=\"\" title=\"\" width=\"\" height=\"\" style=\"\"\/><\/div><\/div>\n\r<br><hr class=\"no_line\" style=\"margin: 0 auto 0px auto\"\/>\n\r<br><h4>Le Colibri<\/h4>\r<br>Mobil Home pour 6 personnes d\\&#8217;une surface de 30m2 avec 2 chambres.\r<br>\u00c0 partir de 45,68\u20ac\/nuit<br><a href=\"https:\/\/www.gites-de-france.com\/fr\/occitanie\/tarn-et-garonne\/le-colibri-h82g011221#equipment\">https:\/\/www.gites-de-france.com\/fr\/occitanie\/tarn-et-garonne\/le-colibri-h82g011221#equipment<\/a><br>center<br>solid<br>2px 2px 2px 2px<br>#e6e8ee<br>#37a260<br>hide<br><br><h6>LE CAMPING<\/h6>\r<br><hr class=\"no_line\" style=\"margin: 0 auto 0px auto\"\/>\n\r<br><h3>Nos emplacements<\/h3>\r<br><hr class=\"no_line\" style=\"margin: 0 auto 0px auto\"\/>\n\r<br><h4>Le Camping du Malivert comprend 20 emplacements majoritairement ombrag\u00e9s.<\/h4>\r<br><h4>Vous pouvez s\u00e9journer au camping avec votre camping-car ou caravane. Nous disposons \u00e9galement d\\&#8217;emplacements pour les tentes.&nbsp;<\/h4><br>Heading + desc<br>center<br>no-repeat;left top;;<br>auto<br><br>R\u00e9server<br><a href=\"https:\/\/www.gites-de-france.com\/fr\/occitanie\/tarn-et-garonne\/camping-le-malivert-h82c008214\">https:\/\/www.gites-de-france.com\/fr\/occitanie\/tarn-et-garonne\/camping-le-malivert-h82c008214<\/a><br>left<br>2<br>left<br>hide<br><br><img decoding=\"async\" src=\"https:\/\/lacdemolieres.com\/wp-content\/uploads\/2023\/03\/pexels-pavel-danilyuk-9143462.jpg\" alt=\"pexels-pavel-danilyuk-9143462\"><br>full<br>center<br>center<br><br><h3>Les \u00e9quipements<\/h3><br>Heading + desc<br>center<br>no-repeat;left top;;<br>auto<br><br>Local buanderie<br>h4<br>Mise \u00e0 disposition d\\&#8217;une table \u00e0 repasser et d\\&#8217;un lave-linge et s\u00e8che-linge : 2,50 \u20ac chacun \/ utilisation<br>fas fa-warehouse<br>top<br><br>WIFI Gratuit<br>h4<br>Notre camping offre \u00e0 ses vacanciers une connexion wifi gratuite pour leur permettre de rester connect\u00e9s.<br>fas fa-wifi<br>top<br><br>Snack<br>h4<br>Pendant la haute saison, notre camping dispose d\\&#8217;un snack o\u00f9 nos vacanciers peuvent se restaurer sur place ou \u00e0 emporter.<br>fas fa-pizza-slice<br>top<br><br>40<br><br>Neurserie<br>h4<br>Notre camping dispose d\\&#8217;une nurserie pour faciliter les s\u00e9jours des familles avec de jeunes enfants.<br>fas fa-baby<br>top<br><br>Centre A\u00e9r\u00e9<br>h4<br>Les familles s\u00e9journant dans notre camping ont la possibilit\u00e9 de profiter du centre a\u00e9r\u00e9 situ\u00e9 \u00e0 proximit\u00e9.<br>fas fa-child<br>top<br><br>40<br><br><h2>Venez s\u00e9journer au Camping du Malivert***<\/h2><br>Heading<br>center<br>no-repeat;left top;;<br>auto<br><br><br><h4>R\u00c9SERVER MAINTENANT<\/h4><br><a href=\"tel:0563677015\">\\&#8221;tel:0563677015\\&#8221;<\/a><br>15px 30px<br>#967d48<br>#b79856<br>0px<br><br><\/p>\n","protected":false},"excerpt":{"rendered":"<p>In the immediate vicinity of the leisure centre, the 3-star Malivert campsite has 20 pitches (mostly shaded) and 6 mobile homes. Benefiting from the &#8220;Pr\u00e9 Vert&#8221;<span class=\"excerpt-hellip\"> [\u2026]<\/span><\/p>\n","protected":false},"author":1,"featured_media":0,"parent":0,"menu_order":0,"comment_status":"open","ping_status":"closed","template":"","meta":{"footnotes":""},"class_list":["post-365","page","type-page","status-publish","hentry"],"yoast_head":"<!-- This site is optimized with the Yoast SEO plugin v27.3 - https:\/\/yoast.com\/product\/yoast-seo-wordpress\/ -->\n<title>Camping du Malivert - Lac de Moli\u00e8res<\/title>\n<meta name=\"description\" content=\"The Malivert Campsite is open all year except annual holidays from 01\/10 to 31\/10. Campsite*** with 6 mobile homes and 20 pitches.\" \/>\n<meta name=\"robots\" content=\"index, follow, max-snippet:-1, max-image-preview:large, max-video-preview:-1\" \/>\n<link rel=\"canonical\" href=\"https:\/\/lacdemolieres.com\/en\/camping-du-malivert\/\" \/>\n<meta property=\"og:locale\" content=\"en_US\" \/>\n<meta property=\"og:type\" content=\"article\" \/>\n<meta property=\"og:title\" content=\"Camping du Malivert - Lac de Moli\u00e8res\" \/>\n<meta property=\"og:description\" content=\"The Malivert Campsite is open all year except annual holidays from 01\/10 to 31\/10. Campsite*** with 6 mobile homes and 20 pitches.\" \/>\n<meta property=\"og:url\" content=\"https:\/\/lacdemolieres.com\/en\/camping-du-malivert\/\" \/>\n<meta property=\"og:site_name\" content=\"Lac de Moli\u00e8res\" \/>\n<meta property=\"article:publisher\" content=\"https:\/\/www.facebook.com\/profile.php?id=100057250758026\" \/>\n<meta property=\"article:modified_time\" content=\"2025-02-06T14:26:51+00:00\" \/>\n<meta property=\"og:image\" content=\"https:\/\/lacdemolieres.com\/wp-content\/uploads\/2023\/03\/pexels-pavel-danilyuk-9143462.jpg\" \/>\n<meta name=\"twitter:card\" content=\"summary_large_image\" \/>\n<meta name=\"twitter:label1\" content=\"Est. reading time\" \/>\n\t<meta name=\"twitter:data1\" content=\"4 minutes\" \/>\n<script type=\"application\/ld+json\" class=\"yoast-schema-graph\">{\"@context\":\"https:\\\/\\\/schema.org\",\"@graph\":[{\"@type\":\"WebPage\",\"@id\":\"https:\\\/\\\/lacdemolieres.com\\\/en\\\/camping-du-malivert\\\/\",\"url\":\"https:\\\/\\\/lacdemolieres.com\\\/en\\\/camping-du-malivert\\\/\",\"name\":\"Camping du Malivert - Lac de Moli\u00e8res\",\"isPartOf\":{\"@id\":\"https:\\\/\\\/lacdemolieres.com\\\/#website\"},\"primaryImageOfPage\":{\"@id\":\"https:\\\/\\\/lacdemolieres.com\\\/en\\\/camping-du-malivert\\\/#primaryimage\"},\"image\":{\"@id\":\"https:\\\/\\\/lacdemolieres.com\\\/en\\\/camping-du-malivert\\\/#primaryimage\"},\"thumbnailUrl\":\"https:\\\/\\\/lacdemolieres.com\\\/wp-content\\\/uploads\\\/2023\\\/03\\\/pexels-pavel-danilyuk-9143462.jpg\",\"datePublished\":\"2021-05-06T09:46:54+00:00\",\"dateModified\":\"2025-02-06T14:26:51+00:00\",\"description\":\"The Malivert Campsite is open all year except annual holidays from 01\\\/10 to 31\\\/10. Campsite*** with 6 mobile homes and 20 pitches.\",\"breadcrumb\":{\"@id\":\"https:\\\/\\\/lacdemolieres.com\\\/en\\\/camping-du-malivert\\\/#breadcrumb\"},\"inLanguage\":\"en-US\",\"potentialAction\":[{\"@type\":\"ReadAction\",\"target\":[\"https:\\\/\\\/lacdemolieres.com\\\/en\\\/camping-du-malivert\\\/\"]}]},{\"@type\":\"ImageObject\",\"inLanguage\":\"en-US\",\"@id\":\"https:\\\/\\\/lacdemolieres.com\\\/en\\\/camping-du-malivert\\\/#primaryimage\",\"url\":\"https:\\\/\\\/lacdemolieres.com\\\/wp-content\\\/uploads\\\/2023\\\/03\\\/pexels-pavel-danilyuk-9143462.jpg\",\"contentUrl\":\"https:\\\/\\\/lacdemolieres.com\\\/wp-content\\\/uploads\\\/2023\\\/03\\\/pexels-pavel-danilyuk-9143462.jpg\"},{\"@type\":\"BreadcrumbList\",\"@id\":\"https:\\\/\\\/lacdemolieres.com\\\/en\\\/camping-du-malivert\\\/#breadcrumb\",\"itemListElement\":[{\"@type\":\"ListItem\",\"position\":1,\"name\":\"Accueil\",\"item\":\"https:\\\/\\\/lacdemolieres.com\\\/\"},{\"@type\":\"ListItem\",\"position\":2,\"name\":\"Camping du Malivert\"}]},{\"@type\":\"WebSite\",\"@id\":\"https:\\\/\\\/lacdemolieres.com\\\/#website\",\"url\":\"https:\\\/\\\/lacdemolieres.com\\\/\",\"name\":\"Lac de Moli\u00e8res\",\"description\":\"Base de Loisirs &amp; Camping\",\"publisher\":{\"@id\":\"https:\\\/\\\/lacdemolieres.com\\\/#organization\"},\"potentialAction\":[{\"@type\":\"SearchAction\",\"target\":{\"@type\":\"EntryPoint\",\"urlTemplate\":\"https:\\\/\\\/lacdemolieres.com\\\/?s={search_term_string}\"},\"query-input\":{\"@type\":\"PropertyValueSpecification\",\"valueRequired\":true,\"valueName\":\"search_term_string\"}}],\"inLanguage\":\"en-US\"},{\"@type\":\"Organization\",\"@id\":\"https:\\\/\\\/lacdemolieres.com\\\/#organization\",\"name\":\"Lac de Moli\u00e8res\",\"url\":\"https:\\\/\\\/lacdemolieres.com\\\/\",\"logo\":{\"@type\":\"ImageObject\",\"inLanguage\":\"en-US\",\"@id\":\"https:\\\/\\\/lacdemolieres.com\\\/#\\\/schema\\\/logo\\\/image\\\/\",\"url\":\"https:\\\/\\\/lacdemolieres.com\\\/wp-content\\\/uploads\\\/2023\\\/02\\\/logo-moileres.png\",\"contentUrl\":\"https:\\\/\\\/lacdemolieres.com\\\/wp-content\\\/uploads\\\/2023\\\/02\\\/logo-moileres.png\",\"width\":1000,\"height\":1000,\"caption\":\"Lac de Moli\u00e8res\"},\"image\":{\"@id\":\"https:\\\/\\\/lacdemolieres.com\\\/#\\\/schema\\\/logo\\\/image\\\/\"},\"sameAs\":[\"https:\\\/\\\/www.facebook.com\\\/profile.php?id=100057250758026\"]}]}<\/script>\n<!-- \/ Yoast SEO plugin. -->","yoast_head_json":{"title":"Camping du Malivert - Lac de Moli\u00e8res","description":"The Malivert Campsite is open all year except annual holidays from 01\/10 to 31\/10. Campsite*** with 6 mobile homes and 20 pitches.","robots":{"index":"index","follow":"follow","max-snippet":"max-snippet:-1","max-image-preview":"max-image-preview:large","max-video-preview":"max-video-preview:-1"},"canonical":"https:\/\/lacdemolieres.com\/en\/camping-du-malivert\/","og_locale":"en_US","og_type":"article","og_title":"Camping du Malivert - Lac de Moli\u00e8res","og_description":"The Malivert Campsite is open all year except annual holidays from 01\/10 to 31\/10. Campsite*** with 6 mobile homes and 20 pitches.","og_url":"https:\/\/lacdemolieres.com\/en\/camping-du-malivert\/","og_site_name":"Lac de Moli\u00e8res","article_publisher":"https:\/\/www.facebook.com\/profile.php?id=100057250758026","article_modified_time":"2025-02-06T14:26:51+00:00","og_image":[{"url":"https:\/\/lacdemolieres.com\/wp-content\/uploads\/2023\/03\/pexels-pavel-danilyuk-9143462.jpg","type":"","width":"","height":""}],"twitter_card":"summary_large_image","twitter_misc":{"Est. reading time":"4 minutes"},"schema":{"@context":"https:\/\/schema.org","@graph":[{"@type":"WebPage","@id":"https:\/\/lacdemolieres.com\/en\/camping-du-malivert\/","url":"https:\/\/lacdemolieres.com\/en\/camping-du-malivert\/","name":"Camping du Malivert - Lac de Moli\u00e8res","isPartOf":{"@id":"https:\/\/lacdemolieres.com\/#website"},"primaryImageOfPage":{"@id":"https:\/\/lacdemolieres.com\/en\/camping-du-malivert\/#primaryimage"},"image":{"@id":"https:\/\/lacdemolieres.com\/en\/camping-du-malivert\/#primaryimage"},"thumbnailUrl":"https:\/\/lacdemolieres.com\/wp-content\/uploads\/2023\/03\/pexels-pavel-danilyuk-9143462.jpg","datePublished":"2021-05-06T09:46:54+00:00","dateModified":"2025-02-06T14:26:51+00:00","description":"The Malivert Campsite is open all year except annual holidays from 01\/10 to 31\/10. Campsite*** with 6 mobile homes and 20 pitches.","breadcrumb":{"@id":"https:\/\/lacdemolieres.com\/en\/camping-du-malivert\/#breadcrumb"},"inLanguage":"en-US","potentialAction":[{"@type":"ReadAction","target":["https:\/\/lacdemolieres.com\/en\/camping-du-malivert\/"]}]},{"@type":"ImageObject","inLanguage":"en-US","@id":"https:\/\/lacdemolieres.com\/en\/camping-du-malivert\/#primaryimage","url":"https:\/\/lacdemolieres.com\/wp-content\/uploads\/2023\/03\/pexels-pavel-danilyuk-9143462.jpg","contentUrl":"https:\/\/lacdemolieres.com\/wp-content\/uploads\/2023\/03\/pexels-pavel-danilyuk-9143462.jpg"},{"@type":"BreadcrumbList","@id":"https:\/\/lacdemolieres.com\/en\/camping-du-malivert\/#breadcrumb","itemListElement":[{"@type":"ListItem","position":1,"name":"Accueil","item":"https:\/\/lacdemolieres.com\/"},{"@type":"ListItem","position":2,"name":"Camping du Malivert"}]},{"@type":"WebSite","@id":"https:\/\/lacdemolieres.com\/#website","url":"https:\/\/lacdemolieres.com\/","name":"Lac de Moli\u00e8res","description":"Base de Loisirs &amp; Camping","publisher":{"@id":"https:\/\/lacdemolieres.com\/#organization"},"potentialAction":[{"@type":"SearchAction","target":{"@type":"EntryPoint","urlTemplate":"https:\/\/lacdemolieres.com\/?s={search_term_string}"},"query-input":{"@type":"PropertyValueSpecification","valueRequired":true,"valueName":"search_term_string"}}],"inLanguage":"en-US"},{"@type":"Organization","@id":"https:\/\/lacdemolieres.com\/#organization","name":"Lac de Moli\u00e8res","url":"https:\/\/lacdemolieres.com\/","logo":{"@type":"ImageObject","inLanguage":"en-US","@id":"https:\/\/lacdemolieres.com\/#\/schema\/logo\/image\/","url":"https:\/\/lacdemolieres.com\/wp-content\/uploads\/2023\/02\/logo-moileres.png","contentUrl":"https:\/\/lacdemolieres.com\/wp-content\/uploads\/2023\/02\/logo-moileres.png","width":1000,"height":1000,"caption":"Lac de Moli\u00e8res"},"image":{"@id":"https:\/\/lacdemolieres.com\/#\/schema\/logo\/image\/"},"sameAs":["https:\/\/www.facebook.com\/profile.php?id=100057250758026"]}]}},"_links":{"self":[{"href":"https:\/\/lacdemolieres.com\/en\/wp-json\/wp\/v2\/pages\/365","targetHints":{"allow":["GET"]}}],"collection":[{"href":"https:\/\/lacdemolieres.com\/en\/wp-json\/wp\/v2\/pages"}],"about":[{"href":"https:\/\/lacdemolieres.com\/en\/wp-json\/wp\/v2\/types\/page"}],"author":[{"embeddable":true,"href":"https:\/\/lacdemolieres.com\/en\/wp-json\/wp\/v2\/users\/1"}],"replies":[{"embeddable":true,"href":"https:\/\/lacdemolieres.com\/en\/wp-json\/wp\/v2\/comments?post=365"}],"version-history":[{"count":7,"href":"https:\/\/lacdemolieres.com\/en\/wp-json\/wp\/v2\/pages\/365\/revisions"}],"predecessor-version":[{"id":951,"href":"https:\/\/lacdemolieres.com\/en\/wp-json\/wp\/v2\/pages\/365\/revisions\/951"}],"wp:attachment":[{"href":"https:\/\/lacdemolieres.com\/en\/wp-json\/wp\/v2\/media?parent=365"}],"curies":[{"name":"wp","href":"https:\/\/api.w.org\/{rel}","templated":true}]}}