{"id":362,"date":"2023-03-07T16:51:46","date_gmt":"2023-03-07T15:51:46","guid":{"rendered":"https:\/\/lacdemolieres.com\/leisure-center-year\/"},"modified":"2024-02-23T17:48:10","modified_gmt":"2024-02-23T16:48:10","slug":"leisure-center-year","status":"publish","type":"page","link":"https:\/\/lacdemolieres.com\/en\/leisure-center-year\/","title":{"rendered":"Leisure center year"},"content":{"rendered":"\n<p><h2>Le Lac de Moli\u00e8res, un lieu o\u00f9 profiter de la nature toute l\\&#8217;ann\u00e9e<\/h2><br>Headings<br>no-repeat;left top;;<br>auto<br><br><h5>Le Lac de Moli\u00e8res vous accueille toute l\\&#8217;ann\u00e9e gratuitement hors saison.<\/h5>\r<br><h5>Sportif av\u00e9r\u00e9, sportif du dimanche, p\u00eacheur, promeneur, fl\u00e2neur, amoureux de la nature, seul, en famille ou entre amis, ce cadre verdoyant propice au d\u00e9paysement, est fait pour vous.<\/h5>\r<br><h5>Profitez d\\&#8217;un site exceptionnel nich\u00e9 dans une vall\u00e9e entour\u00e9e des lumineux coteaux du Quercy blanc.<\/h5>\r<br><h5>Situ\u00e9 \u00e0 20 mn au nord de Montauban, proche de nombreux grands sites touristiques, le Lac de Moli\u00e8res poss\u00e8de un cadre naturel particuli\u00e8rement pr\u00e9serv\u00e9.<\/h5><br>Heading<br>no-repeat;left top;;<br>auto<br><br><img decoding=\"async\" src=\"https:\/\/lacdemolieres.com\/wp-content\/uploads\/2023\/03\/pexels-thirdman-5537770.jpg\" alt=\"pexels-thirdman-5537770\" \/><br>large<br><br>T\u00e9l\u00e9charger le plan des randonn\u00e9es<br><a href=\"https:\/\/lacdemolieres.com\/wp-content\/uploads\/2023\/03\/Molieres-PR1-topoguide.pdf\">https:\/\/lacdemolieres.com\/wp-content\/uploads\/2023\/03\/Molieres-PR1-topoguide.pdf<\/a><br>left<br>2<br>center<br>hide<br><br><img decoding=\"async\" src=\"https:\/\/lacdemolieres.com\/wp-content\/uploads\/2023\/03\/pexels-pnw-production-7624979.jpg\" alt=\"pexels-pnw-production-7624979\" \/><br>full<br><br><h2>\u00a0<\/h2>\r<br><hr class=\"no_line\" style=\"margin: 0 auto 0px auto\"\/>\n\r<br>Du levant au couchant, les points de vue sur le lac et la nature environnante ne vous laisseront pas insensibles !\r<br>Poussez jusqu\\&#8217;\u00e0 la bastide et vous d\u00e9couvrirez les anciens remparts, les petites rues pittoresques et les commer\u00e7ants locaux si g\u00e9n\u00e9reux.\r<br>L\\&#8217;attachement de la commune \u00e0 pr\u00e9server son environnement naturel ont contribu\u00e9 \u00e0 l\\&#8217;obtention des labels \u00abpavillon bleu\u00bb et \u00ab station verte \u00bb.<br>Heading  + desc<br>no-repeat;left top;;<br>auto<br><br><img decoding=\"async\" src=\"https:\/\/lacdemolieres.com\/wp-content\/uploads\/2023\/03\/pexels-haydan-assoendawy-2883462.jpg\" alt=\"pexels-haydan-assoendawy-2883462\" \/><br>full<br><br><\/p>\n","protected":false},"excerpt":{"rendered":"<p>Le Lac de Moli\u00e8res, un lieu o\u00f9 profiter de la nature toute l\\&#8217;ann\u00e9e Headingsno-repeat;left top;;auto Le Lac de Moli\u00e8res vous accueille toute l\\&#8217;ann\u00e9e gratuitement hors saison.<span class=\"excerpt-hellip\"> [\u2026]<\/span><\/p>\n","protected":false},"author":1,"featured_media":0,"parent":0,"menu_order":0,"comment_status":"closed","ping_status":"closed","template":"","meta":{"footnotes":""},"class_list":["post-362","page","type-page","status-publish","hentry"],"yoast_head":"<!-- This site is optimized with the Yoast SEO plugin v27.3 - https:\/\/yoast.com\/product\/yoast-seo-wordpress\/ -->\n<title>Leisure Center - Out of Season - Hiking - Mountain Biking - Fishing<\/title>\n<meta name=\"description\" content=\"The Leisure Center welcomes you all year round free of charge out of season. Come practice hiking, mountain biking, fishing...\" \/>\n<meta name=\"robots\" content=\"index, follow, max-snippet:-1, max-image-preview:large, max-video-preview:-1\" \/>\n<link rel=\"canonical\" href=\"https:\/\/lacdemolieres.com\/en\/leisure-center-year\/\" \/>\n<meta property=\"og:locale\" content=\"en_US\" \/>\n<meta property=\"og:type\" content=\"article\" \/>\n<meta property=\"og:title\" content=\"Leisure Center - Out of Season - Hiking - Mountain Biking - Fishing\" \/>\n<meta property=\"og:description\" content=\"The Leisure Center welcomes you all year round free of charge out of season. Come practice hiking, mountain biking, fishing...\" \/>\n<meta property=\"og:url\" content=\"https:\/\/lacdemolieres.com\/en\/leisure-center-year\/\" \/>\n<meta property=\"og:site_name\" content=\"Lac de Moli\u00e8res\" \/>\n<meta property=\"article:publisher\" content=\"https:\/\/www.facebook.com\/profile.php?id=100057250758026\" \/>\n<meta property=\"article:modified_time\" content=\"2024-02-23T16:48:10+00:00\" \/>\n<meta property=\"og:image\" content=\"https:\/\/lacdemolieres.com\/wp-content\/uploads\/2023\/03\/pexels-thirdman-5537770.jpg\" \/>\n<meta name=\"twitter:card\" content=\"summary_large_image\" \/>\n<meta name=\"twitter:label1\" content=\"Est. reading time\" \/>\n\t<meta name=\"twitter:data1\" content=\"2 minutes\" \/>\n<script type=\"application\/ld+json\" class=\"yoast-schema-graph\">{\"@context\":\"https:\\\/\\\/schema.org\",\"@graph\":[{\"@type\":\"WebPage\",\"@id\":\"https:\\\/\\\/lacdemolieres.com\\\/en\\\/leisure-center-year\\\/\",\"url\":\"https:\\\/\\\/lacdemolieres.com\\\/en\\\/leisure-center-year\\\/\",\"name\":\"Leisure Center - Out of Season - Hiking - Mountain Biking - Fishing\",\"isPartOf\":{\"@id\":\"https:\\\/\\\/lacdemolieres.com\\\/#website\"},\"primaryImageOfPage\":{\"@id\":\"https:\\\/\\\/lacdemolieres.com\\\/en\\\/leisure-center-year\\\/#primaryimage\"},\"image\":{\"@id\":\"https:\\\/\\\/lacdemolieres.com\\\/en\\\/leisure-center-year\\\/#primaryimage\"},\"thumbnailUrl\":\"https:\\\/\\\/lacdemolieres.com\\\/wp-content\\\/uploads\\\/2023\\\/03\\\/pexels-thirdman-5537770.jpg\",\"datePublished\":\"2023-03-07T15:51:46+00:00\",\"dateModified\":\"2024-02-23T16:48:10+00:00\",\"description\":\"The Leisure Center welcomes you all year round free of charge out of season. Come practice hiking, mountain biking, fishing...\",\"breadcrumb\":{\"@id\":\"https:\\\/\\\/lacdemolieres.com\\\/en\\\/leisure-center-year\\\/#breadcrumb\"},\"inLanguage\":\"en-US\",\"potentialAction\":[{\"@type\":\"ReadAction\",\"target\":[\"https:\\\/\\\/lacdemolieres.com\\\/en\\\/leisure-center-year\\\/\"]}]},{\"@type\":\"ImageObject\",\"inLanguage\":\"en-US\",\"@id\":\"https:\\\/\\\/lacdemolieres.com\\\/en\\\/leisure-center-year\\\/#primaryimage\",\"url\":\"https:\\\/\\\/lacdemolieres.com\\\/wp-content\\\/uploads\\\/2023\\\/03\\\/pexels-thirdman-5537770.jpg\",\"contentUrl\":\"https:\\\/\\\/lacdemolieres.com\\\/wp-content\\\/uploads\\\/2023\\\/03\\\/pexels-thirdman-5537770.jpg\"},{\"@type\":\"BreadcrumbList\",\"@id\":\"https:\\\/\\\/lacdemolieres.com\\\/en\\\/leisure-center-year\\\/#breadcrumb\",\"itemListElement\":[{\"@type\":\"ListItem\",\"position\":1,\"name\":\"Accueil\",\"item\":\"https:\\\/\\\/lacdemolieres.com\\\/\"},{\"@type\":\"ListItem\",\"position\":2,\"name\":\"Leisure center year\"}]},{\"@type\":\"WebSite\",\"@id\":\"https:\\\/\\\/lacdemolieres.com\\\/#website\",\"url\":\"https:\\\/\\\/lacdemolieres.com\\\/\",\"name\":\"Lac de Moli\u00e8res\",\"description\":\"Base de Loisirs &amp; Camping\",\"publisher\":{\"@id\":\"https:\\\/\\\/lacdemolieres.com\\\/#organization\"},\"potentialAction\":[{\"@type\":\"SearchAction\",\"target\":{\"@type\":\"EntryPoint\",\"urlTemplate\":\"https:\\\/\\\/lacdemolieres.com\\\/?s={search_term_string}\"},\"query-input\":{\"@type\":\"PropertyValueSpecification\",\"valueRequired\":true,\"valueName\":\"search_term_string\"}}],\"inLanguage\":\"en-US\"},{\"@type\":\"Organization\",\"@id\":\"https:\\\/\\\/lacdemolieres.com\\\/#organization\",\"name\":\"Lac de Moli\u00e8res\",\"url\":\"https:\\\/\\\/lacdemolieres.com\\\/\",\"logo\":{\"@type\":\"ImageObject\",\"inLanguage\":\"en-US\",\"@id\":\"https:\\\/\\\/lacdemolieres.com\\\/#\\\/schema\\\/logo\\\/image\\\/\",\"url\":\"https:\\\/\\\/lacdemolieres.com\\\/wp-content\\\/uploads\\\/2023\\\/02\\\/logo-moileres.png\",\"contentUrl\":\"https:\\\/\\\/lacdemolieres.com\\\/wp-content\\\/uploads\\\/2023\\\/02\\\/logo-moileres.png\",\"width\":1000,\"height\":1000,\"caption\":\"Lac de Moli\u00e8res\"},\"image\":{\"@id\":\"https:\\\/\\\/lacdemolieres.com\\\/#\\\/schema\\\/logo\\\/image\\\/\"},\"sameAs\":[\"https:\\\/\\\/www.facebook.com\\\/profile.php?id=100057250758026\"]}]}<\/script>\n<!-- \/ Yoast SEO plugin. -->","yoast_head_json":{"title":"Leisure Center - Out of Season - Hiking - Mountain Biking - Fishing","description":"The Leisure Center welcomes you all year round free of charge out of season. Come practice hiking, mountain biking, fishing...","robots":{"index":"index","follow":"follow","max-snippet":"max-snippet:-1","max-image-preview":"max-image-preview:large","max-video-preview":"max-video-preview:-1"},"canonical":"https:\/\/lacdemolieres.com\/en\/leisure-center-year\/","og_locale":"en_US","og_type":"article","og_title":"Leisure Center - Out of Season - Hiking - Mountain Biking - Fishing","og_description":"The Leisure Center welcomes you all year round free of charge out of season. Come practice hiking, mountain biking, fishing...","og_url":"https:\/\/lacdemolieres.com\/en\/leisure-center-year\/","og_site_name":"Lac de Moli\u00e8res","article_publisher":"https:\/\/www.facebook.com\/profile.php?id=100057250758026","article_modified_time":"2024-02-23T16:48:10+00:00","og_image":[{"url":"https:\/\/lacdemolieres.com\/wp-content\/uploads\/2023\/03\/pexels-thirdman-5537770.jpg","type":"","width":"","height":""}],"twitter_card":"summary_large_image","twitter_misc":{"Est. reading time":"2 minutes"},"schema":{"@context":"https:\/\/schema.org","@graph":[{"@type":"WebPage","@id":"https:\/\/lacdemolieres.com\/en\/leisure-center-year\/","url":"https:\/\/lacdemolieres.com\/en\/leisure-center-year\/","name":"Leisure Center - Out of Season - Hiking - Mountain Biking - Fishing","isPartOf":{"@id":"https:\/\/lacdemolieres.com\/#website"},"primaryImageOfPage":{"@id":"https:\/\/lacdemolieres.com\/en\/leisure-center-year\/#primaryimage"},"image":{"@id":"https:\/\/lacdemolieres.com\/en\/leisure-center-year\/#primaryimage"},"thumbnailUrl":"https:\/\/lacdemolieres.com\/wp-content\/uploads\/2023\/03\/pexels-thirdman-5537770.jpg","datePublished":"2023-03-07T15:51:46+00:00","dateModified":"2024-02-23T16:48:10+00:00","description":"The Leisure Center welcomes you all year round free of charge out of season. Come practice hiking, mountain biking, fishing...","breadcrumb":{"@id":"https:\/\/lacdemolieres.com\/en\/leisure-center-year\/#breadcrumb"},"inLanguage":"en-US","potentialAction":[{"@type":"ReadAction","target":["https:\/\/lacdemolieres.com\/en\/leisure-center-year\/"]}]},{"@type":"ImageObject","inLanguage":"en-US","@id":"https:\/\/lacdemolieres.com\/en\/leisure-center-year\/#primaryimage","url":"https:\/\/lacdemolieres.com\/wp-content\/uploads\/2023\/03\/pexels-thirdman-5537770.jpg","contentUrl":"https:\/\/lacdemolieres.com\/wp-content\/uploads\/2023\/03\/pexels-thirdman-5537770.jpg"},{"@type":"BreadcrumbList","@id":"https:\/\/lacdemolieres.com\/en\/leisure-center-year\/#breadcrumb","itemListElement":[{"@type":"ListItem","position":1,"name":"Accueil","item":"https:\/\/lacdemolieres.com\/"},{"@type":"ListItem","position":2,"name":"Leisure center year"}]},{"@type":"WebSite","@id":"https:\/\/lacdemolieres.com\/#website","url":"https:\/\/lacdemolieres.com\/","name":"Lac de Moli\u00e8res","description":"Base de Loisirs &amp; Camping","publisher":{"@id":"https:\/\/lacdemolieres.com\/#organization"},"potentialAction":[{"@type":"SearchAction","target":{"@type":"EntryPoint","urlTemplate":"https:\/\/lacdemolieres.com\/?s={search_term_string}"},"query-input":{"@type":"PropertyValueSpecification","valueRequired":true,"valueName":"search_term_string"}}],"inLanguage":"en-US"},{"@type":"Organization","@id":"https:\/\/lacdemolieres.com\/#organization","name":"Lac de Moli\u00e8res","url":"https:\/\/lacdemolieres.com\/","logo":{"@type":"ImageObject","inLanguage":"en-US","@id":"https:\/\/lacdemolieres.com\/#\/schema\/logo\/image\/","url":"https:\/\/lacdemolieres.com\/wp-content\/uploads\/2023\/02\/logo-moileres.png","contentUrl":"https:\/\/lacdemolieres.com\/wp-content\/uploads\/2023\/02\/logo-moileres.png","width":1000,"height":1000,"caption":"Lac de Moli\u00e8res"},"image":{"@id":"https:\/\/lacdemolieres.com\/#\/schema\/logo\/image\/"},"sameAs":["https:\/\/www.facebook.com\/profile.php?id=100057250758026"]}]}},"_links":{"self":[{"href":"https:\/\/lacdemolieres.com\/en\/wp-json\/wp\/v2\/pages\/362","targetHints":{"allow":["GET"]}}],"collection":[{"href":"https:\/\/lacdemolieres.com\/en\/wp-json\/wp\/v2\/pages"}],"about":[{"href":"https:\/\/lacdemolieres.com\/en\/wp-json\/wp\/v2\/types\/page"}],"author":[{"embeddable":true,"href":"https:\/\/lacdemolieres.com\/en\/wp-json\/wp\/v2\/users\/1"}],"replies":[{"embeddable":true,"href":"https:\/\/lacdemolieres.com\/en\/wp-json\/wp\/v2\/comments?post=362"}],"version-history":[{"count":6,"href":"https:\/\/lacdemolieres.com\/en\/wp-json\/wp\/v2\/pages\/362\/revisions"}],"predecessor-version":[{"id":541,"href":"https:\/\/lacdemolieres.com\/en\/wp-json\/wp\/v2\/pages\/362\/revisions\/541"}],"wp:attachment":[{"href":"https:\/\/lacdemolieres.com\/en\/wp-json\/wp\/v2\/media?parent=362"}],"curies":[{"name":"wp","href":"https:\/\/api.w.org\/{rel}","templated":true}]}}